{"id":671,"date":"2024-08-21T17:35:51","date_gmt":"2024-08-21T17:35:51","guid":{"rendered":"http:\/\/new.saunaday.com\/yhteystiedot\/"},"modified":"2024-10-11T07:08:42","modified_gmt":"2024-10-11T07:08:42","slug":"yhteystiedot","status":"publish","type":"page","link":"https:\/\/saunaday.com\/fi\/yhteystiedot\/","title":{"rendered":"Yhteystiedot"},"content":{"rendered":"<div id='av-layout-grid-1'  class='av-layout-grid-container av-1b8ab-1356a4b7568e40e645ee53c769d03f1b entry-content-wrapper main_color av-flex-cells  avia-builder-el-0  avia-builder-el-no-sibling  av-cell-min-height av-cell-min-height-100  container_wrap fullsize'   data-av_minimum_height_pc='100'>\n\n<style type=\"text\/css\" data-created_by=\"avia_inline_auto\" id=\"style-css-av-m044tfsj-c28a3945bcc0c383ddf38f7fe4eead4e\">\n.flex_cell.av-m044tfsj-c28a3945bcc0c383ddf38f7fe4eead4e{\nvertical-align:middle;\nbackground-color:#5295d4;\n}\n.responsive #top #wrap_all .flex_cell.av-m044tfsj-c28a3945bcc0c383ddf38f7fe4eead4e{\npadding:0 10% 0 10% !important;\n}\n<\/style>\n<div class='flex_cell av-m044tfsj-c28a3945bcc0c383ddf38f7fe4eead4e av-gridrow-cell av_one_half no_margin  avia-builder-el-1  el_before_av_cell_one_half  avia-builder-el-first '  ><div class='flex_cell_inner'><p>\n<style type=\"text\/css\" data-created_by=\"avia_inline_auto\" id=\"style-css-av-m044uc3b-852011fe564be23b04afe3072e04ebbb\">\n#top .av-special-heading.av-m044uc3b-852011fe564be23b04afe3072e04ebbb{\npadding-bottom:10px;\ncolor:#ffffff;\n}\nbody .av-special-heading.av-m044uc3b-852011fe564be23b04afe3072e04ebbb .av-special-heading-tag .heading-char{\nfont-size:25px;\n}\n.av-special-heading.av-m044uc3b-852011fe564be23b04afe3072e04ebbb .special-heading-inner-border{\nborder-color:#ffffff;\n}\n.av-special-heading.av-m044uc3b-852011fe564be23b04afe3072e04ebbb .av-subheading{\nfont-size:15px;\n}\n<\/style>\n<div  class='av-special-heading av-m044uc3b-852011fe564be23b04afe3072e04ebbb av-special-heading-h1 custom-color-heading blockquote modern-quote modern-centered  avia-builder-el-2  el_before_av_textblock  avia-builder-el-first '><h1 class='av-special-heading-tag '  itemprop=\"headline\"  >Yhteystiedot<\/h1><div class=\"special-heading-border\"><div class=\"special-heading-inner-border\"><\/div><\/div><\/div><br \/>\n\n<style type=\"text\/css\" data-created_by=\"avia_inline_auto\" id=\"style-css-av-m044w4pb-01de58fa6394847807f4edada3520446\">\n#top .av_textblock_section.av-m044w4pb-01de58fa6394847807f4edada3520446 .avia_textblock{\ncolor:#ffffff;\n}\n<\/style>\n<section  class='av_textblock_section av-m044w4pb-01de58fa6394847807f4edada3520446 '   itemscope=\"itemscope\" itemtype=\"https:\/\/schema.org\/CreativeWork\" ><div class='avia_textblock av_inherit_color'  itemprop=\"text\" ><p class=\"font_7\" style=\"text-align: center; font-size: 20px;\">Oletko kiinnostunut saunap\u00e4iv\u00e4st\u00e4 tai siit\u00e4, miten voimme auttaa sinua?<\/p>\n<p class=\"font_7\" style=\"text-align: center; font-size: 20px;\">\u00c4l\u00e4 ep\u00e4r\u00f6i ottaa yhteytt\u00e4 milloin tahansa!<\/p>\n<\/div><\/section><br \/>\n\n<style type=\"text\/css\" data-created_by=\"avia_inline_auto\" id=\"style-css-av-2mbcj-cf2a7bab182174375bf75f70c583dd60\">\n#top .av-special-heading.av-2mbcj-cf2a7bab182174375bf75f70c583dd60{\ncolor:#ffffff;\n}\nbody .av-special-heading.av-2mbcj-cf2a7bab182174375bf75f70c583dd60 .av-special-heading-tag .heading-char{\nfont-size:25px;\n}\n.av-special-heading.av-2mbcj-cf2a7bab182174375bf75f70c583dd60 .special-heading-inner-border{\nborder-color:#ffffff;\n}\n.av-special-heading.av-2mbcj-cf2a7bab182174375bf75f70c583dd60 .av-subheading{\nfont-size:15px;\n}\n<\/style>\n<div  class='av-special-heading av-2mbcj-cf2a7bab182174375bf75f70c583dd60 av-special-heading-h5 custom-color-heading blockquote modern-quote modern-centered  avia-builder-el-4  el_after_av_textblock  el_before_av_heading '><h5 class='av-special-heading-tag '  itemprop=\"headline\"  >+358405342112<\/h5><div class=\"special-heading-border\"><div class=\"special-heading-inner-border\"><\/div><\/div><\/div><br \/>\n\n<style type=\"text\/css\" data-created_by=\"avia_inline_auto\" id=\"style-css-av-m044x2p8-6d74b3353e52557bbaa44e91518368f1\">\n#top .av-special-heading.av-m044x2p8-6d74b3353e52557bbaa44e91518368f1{\nmargin:0 0 0 0;\ncolor:#ffffff;\n}\nbody .av-special-heading.av-m044x2p8-6d74b3353e52557bbaa44e91518368f1 .av-special-heading-tag .heading-char{\nfont-size:25px;\n}\n#top #wrap_all .av-special-heading.av-m044x2p8-6d74b3353e52557bbaa44e91518368f1 .av-special-heading-tag{\npadding:0 0 0 0;\n}\n.av-special-heading.av-m044x2p8-6d74b3353e52557bbaa44e91518368f1 .special-heading-inner-border{\nborder-color:#ffffff;\n}\n.av-special-heading.av-m044x2p8-6d74b3353e52557bbaa44e91518368f1 .av-subheading{\nfont-size:15px;\n}\n<\/style>\n<div  class='av-special-heading av-m044x2p8-6d74b3353e52557bbaa44e91518368f1 av-special-heading-h5 custom-color-heading blockquote modern-quote modern-centered  avia-builder-el-5  el_after_av_heading  avia-builder-el-last '><h5 class='av-special-heading-tag '  itemprop=\"headline\"  >sauna@saunaday.com<\/h5><div class=\"special-heading-border\"><div class=\"special-heading-inner-border\"><\/div><\/div><\/div><\/p>\n<\/div><\/div>\n<style type=\"text\/css\" data-created_by=\"avia_inline_auto\" id=\"style-css-av-13a3j-f1baedfce487aab2533a74e29b3ea0f4\">\n.flex_cell.av-13a3j-f1baedfce487aab2533a74e29b3ea0f4{\nvertical-align:top;\n}\n.responsive #top #wrap_all .flex_cell.av-13a3j-f1baedfce487aab2533a74e29b3ea0f4{\npadding:40px 10% 40px 10% !important;\n}\n<\/style>\n<div class='flex_cell av-13a3j-f1baedfce487aab2533a74e29b3ea0f4 av-gridrow-cell av_one_half no_margin  avia-builder-el-6  el_after_av_cell_one_half  avia-builder-el-last '  ><div class='flex_cell_inner'><form action=\"https:\/\/saunaday.com\/fi\/yhteystiedot\/\" method=\"post\" data-fields-with-error=\"Found errors in the following field(s):\" class=\"avia_ajax_form av-form-labels-hidden   avia-builder-el-7  avia-builder-el-no-sibling   \" data-avia-form-id=\"1\" data-avia-redirect='' ><h3 class=''>OTA YHTEYTT\u00c4<\/h3><fieldset><p class='  first_form  form_element form_fullwidth' id='element_avia_1_1'><label for=\"avia_1_1\">Nimi <abbr class=\"required\" title=\"required\">*<\/abbr><\/label> <input name=\"avia_1_1\" class=\"text_input is_empty\" type=\"text\" id=\"avia_1_1\" value=\"\"  placeholder='Nimi*'\/><\/p><p class='  first_form  form_element form_fullwidth' id='element_avia_2_1'><label for=\"avia_2_1\">S-posti <abbr class=\"required\" title=\"required\">*<\/abbr><\/label> <input name=\"avia_2_1\" class=\"text_input is_email\" type=\"text\" id=\"avia_2_1\" value=\"\"  placeholder='S-posti*'\/><\/p><p class='  first_form  form_element form_fullwidth av-last-visible-form-element' id='element_avia_3_1'><label for=\"avia_3_1\" class=\"textare_label hidden textare_label_avia_3_1\">Viesti <abbr class=\"required\" title=\"required\">*<\/abbr><\/label><textarea  placeholder='Viesti*' name=\"avia_3_1\" class=\"text_area is_empty\" cols=\"40\" rows=\"7\" id=\"avia_3_1\" ><\/textarea><\/p><p class=\"hidden\"><input type=\"text\" name=\"avia_4_1\" class=\"hidden \" id=\"avia_4_1\" value=\"\" \/><\/p><p class=\"form_element \"><input type=\"hidden\" value=\"1\" name=\"avia_generated_form1\" \/><input type=\"submit\" value=\"L\u00c4HET\u00c4 VIESTI\" class=\"button\"  data-sending-label=\"Sending\"\/><\/p><\/fieldset><\/form><div id=\"ajaxresponse_1\" class=\"ajaxresponse ajaxresponse_1 hidden\"><\/div>\n<\/div><\/div><\/div>\n","protected":false},"excerpt":{"rendered":"","protected":false},"author":2,"featured_media":0,"parent":0,"menu_order":0,"comment_status":"closed","ping_status":"closed","template":"","meta":{"footnotes":""},"class_list":["post-671","page","type-page","status-publish","hentry"],"yoast_head":"<!-- This site is optimized with the Yoast SEO plugin v24.5 - https:\/\/yoast.com\/wordpress\/plugins\/seo\/ -->\n<title>Yhteystiedot | World Sauna Day<\/title>\n<meta name=\"robots\" content=\"index, follow, max-snippet:-1, max-image-preview:large, max-video-preview:-1\" \/>\n<link rel=\"canonical\" href=\"https:\/\/saunaday.com\/fi\/yhteystiedot\/\" \/>\n<meta property=\"og:locale\" content=\"fi_FI\" \/>\n<meta property=\"og:type\" content=\"article\" \/>\n<meta property=\"og:title\" content=\"Yhteystiedot | World Sauna Day\" \/>\n<meta property=\"og:url\" content=\"https:\/\/saunaday.com\/fi\/yhteystiedot\/\" \/>\n<meta property=\"og:site_name\" content=\"World Sauna Day\" \/>\n<meta property=\"article:publisher\" content=\"https:\/\/www.facebook.com\/saunadaycom?locale=fi_FI\" \/>\n<meta property=\"article:modified_time\" content=\"2024-10-11T07:08:42+00:00\" \/>\n<meta property=\"og:image\" content=\"https:\/\/saunaday.com\/wp-content\/uploads\/2024\/09\/team-1030x376.png\" \/>\n\t<meta property=\"og:image:width\" content=\"1030\" \/>\n\t<meta property=\"og:image:height\" content=\"376\" \/>\n\t<meta property=\"og:image:type\" content=\"image\/png\" \/>\n<meta name=\"twitter:card\" content=\"summary_large_image\" \/>\n<meta name=\"twitter:label1\" content=\"Arvioitu lukuaika\" \/>\n\t<meta name=\"twitter:data1\" content=\"6 minuuttia\" \/>\n<script type=\"application\/ld+json\" class=\"yoast-schema-graph\">{\"@context\":\"https:\/\/schema.org\",\"@graph\":[{\"@type\":\"WebPage\",\"@id\":\"https:\/\/saunaday.com\/fi\/yhteystiedot\/\",\"url\":\"https:\/\/saunaday.com\/fi\/yhteystiedot\/\",\"name\":\"Yhteystiedot | World Sauna Day\",\"isPartOf\":{\"@id\":\"https:\/\/saunaday.com\/fi\/#website\"},\"datePublished\":\"2024-08-21T17:35:51+00:00\",\"dateModified\":\"2024-10-11T07:08:42+00:00\",\"breadcrumb\":{\"@id\":\"https:\/\/saunaday.com\/fi\/yhteystiedot\/#breadcrumb\"},\"inLanguage\":\"fi\",\"potentialAction\":[{\"@type\":\"ReadAction\",\"target\":[\"https:\/\/saunaday.com\/fi\/yhteystiedot\/\"]}]},{\"@type\":\"BreadcrumbList\",\"@id\":\"https:\/\/saunaday.com\/fi\/yhteystiedot\/#breadcrumb\",\"itemListElement\":[{\"@type\":\"ListItem\",\"position\":1,\"name\":\"Home\",\"item\":\"https:\/\/saunaday.com\/fi\/\"},{\"@type\":\"ListItem\",\"position\":2,\"name\":\"Yhteystiedot\"}]},{\"@type\":\"WebSite\",\"@id\":\"https:\/\/saunaday.com\/fi\/#website\",\"url\":\"https:\/\/saunaday.com\/fi\/\",\"name\":\"World Sauna Day\",\"description\":\"Join the biggest international sauna event in the history of saunas!\",\"publisher\":{\"@id\":\"https:\/\/saunaday.com\/fi\/#organization\"},\"alternateName\":\"Saunaday.com\",\"potentialAction\":[{\"@type\":\"SearchAction\",\"target\":{\"@type\":\"EntryPoint\",\"urlTemplate\":\"https:\/\/saunaday.com\/fi\/?s={search_term_string}\"},\"query-input\":{\"@type\":\"PropertyValueSpecification\",\"valueRequired\":true,\"valueName\":\"search_term_string\"}}],\"inLanguage\":\"fi\"},{\"@type\":\"Organization\",\"@id\":\"https:\/\/saunaday.com\/fi\/#organization\",\"name\":\"Sauna Day\",\"url\":\"https:\/\/saunaday.com\/fi\/\",\"logo\":{\"@type\":\"ImageObject\",\"inLanguage\":\"fi\",\"@id\":\"https:\/\/saunaday.com\/fi\/#\/schema\/logo\/image\/\",\"url\":\"https:\/\/saunaday.com\/wp-content\/uploads\/2025\/02\/saunaday-logo-1000.png\",\"contentUrl\":\"https:\/\/saunaday.com\/wp-content\/uploads\/2025\/02\/saunaday-logo-1000.png\",\"width\":1000,\"height\":1000,\"caption\":\"Sauna Day\"},\"image\":{\"@id\":\"https:\/\/saunaday.com\/fi\/#\/schema\/logo\/image\/\"},\"sameAs\":[\"https:\/\/www.facebook.com\/saunadaycom?locale=fi_FI\",\"https:\/\/www.instagram.com\/saunadaycom\/\"]}]}<\/script>\n<!-- \/ Yoast SEO plugin. -->","yoast_head_json":{"title":"Yhteystiedot | World Sauna Day","robots":{"index":"index","follow":"follow","max-snippet":"max-snippet:-1","max-image-preview":"max-image-preview:large","max-video-preview":"max-video-preview:-1"},"canonical":"https:\/\/saunaday.com\/fi\/yhteystiedot\/","og_locale":"fi_FI","og_type":"article","og_title":"Yhteystiedot | World Sauna Day","og_url":"https:\/\/saunaday.com\/fi\/yhteystiedot\/","og_site_name":"World Sauna Day","article_publisher":"https:\/\/www.facebook.com\/saunadaycom?locale=fi_FI","article_modified_time":"2024-10-11T07:08:42+00:00","og_image":[{"width":1030,"height":376,"url":"https:\/\/saunaday.com\/wp-content\/uploads\/2024\/09\/team-1030x376.png","type":"image\/png"}],"twitter_card":"summary_large_image","twitter_misc":{"Arvioitu lukuaika":"6 minuuttia"},"schema":{"@context":"https:\/\/schema.org","@graph":[{"@type":"WebPage","@id":"https:\/\/saunaday.com\/fi\/yhteystiedot\/","url":"https:\/\/saunaday.com\/fi\/yhteystiedot\/","name":"Yhteystiedot | World Sauna Day","isPartOf":{"@id":"https:\/\/saunaday.com\/fi\/#website"},"datePublished":"2024-08-21T17:35:51+00:00","dateModified":"2024-10-11T07:08:42+00:00","breadcrumb":{"@id":"https:\/\/saunaday.com\/fi\/yhteystiedot\/#breadcrumb"},"inLanguage":"fi","potentialAction":[{"@type":"ReadAction","target":["https:\/\/saunaday.com\/fi\/yhteystiedot\/"]}]},{"@type":"BreadcrumbList","@id":"https:\/\/saunaday.com\/fi\/yhteystiedot\/#breadcrumb","itemListElement":[{"@type":"ListItem","position":1,"name":"Home","item":"https:\/\/saunaday.com\/fi\/"},{"@type":"ListItem","position":2,"name":"Yhteystiedot"}]},{"@type":"WebSite","@id":"https:\/\/saunaday.com\/fi\/#website","url":"https:\/\/saunaday.com\/fi\/","name":"World Sauna Day","description":"Join the biggest international sauna event in the history of saunas!","publisher":{"@id":"https:\/\/saunaday.com\/fi\/#organization"},"alternateName":"Saunaday.com","potentialAction":[{"@type":"SearchAction","target":{"@type":"EntryPoint","urlTemplate":"https:\/\/saunaday.com\/fi\/?s={search_term_string}"},"query-input":{"@type":"PropertyValueSpecification","valueRequired":true,"valueName":"search_term_string"}}],"inLanguage":"fi"},{"@type":"Organization","@id":"https:\/\/saunaday.com\/fi\/#organization","name":"Sauna Day","url":"https:\/\/saunaday.com\/fi\/","logo":{"@type":"ImageObject","inLanguage":"fi","@id":"https:\/\/saunaday.com\/fi\/#\/schema\/logo\/image\/","url":"https:\/\/saunaday.com\/wp-content\/uploads\/2025\/02\/saunaday-logo-1000.png","contentUrl":"https:\/\/saunaday.com\/wp-content\/uploads\/2025\/02\/saunaday-logo-1000.png","width":1000,"height":1000,"caption":"Sauna Day"},"image":{"@id":"https:\/\/saunaday.com\/fi\/#\/schema\/logo\/image\/"},"sameAs":["https:\/\/www.facebook.com\/saunadaycom?locale=fi_FI","https:\/\/www.instagram.com\/saunadaycom\/"]}]}},"_links":{"self":[{"href":"https:\/\/saunaday.com\/fi\/wp-json\/wp\/v2\/pages\/671","targetHints":{"allow":["GET"]}}],"collection":[{"href":"https:\/\/saunaday.com\/fi\/wp-json\/wp\/v2\/pages"}],"about":[{"href":"https:\/\/saunaday.com\/fi\/wp-json\/wp\/v2\/types\/page"}],"author":[{"embeddable":true,"href":"https:\/\/saunaday.com\/fi\/wp-json\/wp\/v2\/users\/2"}],"replies":[{"embeddable":true,"href":"https:\/\/saunaday.com\/fi\/wp-json\/wp\/v2\/comments?post=671"}],"version-history":[{"count":2,"href":"https:\/\/saunaday.com\/fi\/wp-json\/wp\/v2\/pages\/671\/revisions"}],"predecessor-version":[{"id":674,"href":"https:\/\/saunaday.com\/fi\/wp-json\/wp\/v2\/pages\/671\/revisions\/674"}],"wp:attachment":[{"href":"https:\/\/saunaday.com\/fi\/wp-json\/wp\/v2\/media?parent=671"}],"curies":[{"name":"wp","href":"https:\/\/api.w.org\/{rel}","templated":true}]}}